{"id":3788,"date":"2023-02-02T17:48:15","date_gmt":"2023-02-02T16:48:15","guid":{"rendered":"https:\/\/magicsuite.it\/?post_type=product&#038;p=3788"},"modified":"2025-12-01T10:55:49","modified_gmt":"2025-12-01T09:55:49","slug":"magicgift-momenti-ricordare","status":"publish","type":"product","link":"https:\/\/www.magicsuite.it\/en\/prodotto\/magicgift-momenti-ricordare\/","title":{"rendered":"Momenti da Ricordare &#8211; Roma e Salerno"},"content":{"rendered":"<p><strong>MagicGift Momenti da Ricordare\u00a0<\/strong> \u00e8 la Gift Box pensata per chi desidera celebrare un compleanno o un anniversario con un&#8217;esperienza che rimarr\u00e0 impressa nella mente. Regalatevi un soggiorno in una MagicSuite tra le pi\u00f9 complete e festeggiate insieme al partner un momento da ricordare per sempre.<\/p>\n<p data-start=\"311\" data-end=\"331\"><strong data-start=\"311\" data-end=\"329\">COSA COMPRENDE<\/strong><\/p>\n<ul data-start=\"332\" data-end=\"671\">\n<li data-start=\"332\" data-end=\"447\"><strong data-start=\"334\" data-end=\"356\">Soggiorno per due:<\/strong><br data-start=\"356\" data-end=\"359\" \/>Godetevi un soggiorno dayuse in MagicSuite a Roma* o Salerno* con colazione inclusa.<\/li>\n<li data-start=\"448\" data-end=\"587\"><strong data-start=\"450\" data-end=\"471\">Atmosfera personalizzata:<\/strong><br data-start=\"471\" data-end=\"474\" \/>Un regalo* a scelta da far trovare in camera al partner, per rendere ancora pi\u00f9 speciale la vostra esperienza.<\/li>\n<li data-start=\"588\" data-end=\"671\"><strong data-start=\"590\" data-end=\"602\">Kit SPA:<\/strong><br data-start=\"602\" data-end=\"605\" \/>Un esclusivo kit spa per momenti di relax e benessere condiviso.<\/li>\n<\/ul>\n<p data-start=\"678\" data-end=\"752\"><strong data-start=\"678\" data-end=\"686\">DOVE<\/strong><br data-start=\"686\" data-end=\"689\" \/>MagicGift Momenti da Ricordare \u00e8 disponibile in tre location:<\/p>\n<ul data-start=\"753\" data-end=\"984\">\n<li data-start=\"753\" data-end=\"866\"><strong data-start=\"755\" data-end=\"766\">A Roma:<br \/>\n<\/strong>MagicSuite Guest House Roma Portuense, in via Oderisi da Gubbio 55, nei pressi di piazzale della Radio &#8211; MagicSuite Guest House Roma Vaticano, in via Madonna del Riposo.<br data-start=\"766\" data-end=\"769\" \/>MagicSuite disponibili: <a href=\"https:\/\/www.magicsuite.it\/camere\/atlantide\/\" target=\"_blank\" rel=\"noopener\">Atlantide<\/a> (Roma Portuense), <a href=\"https:\/\/www.magicsuite.it\/camere\/alhambra\/\" target=\"_blank\" rel=\"noopener\">Alhambra<\/a>, <a href=\"https:\/\/www.magicsuite.it\/camere\/cesare-augusto\/\" target=\"_blank\" rel=\"noopener\">Cesare Augusto<\/a> (Roma Vaticano).<\/li>\n<li data-start=\"867\" data-end=\"984\"><strong data-start=\"869\" data-end=\"883\">A Salerno:<br \/>\n<\/strong>Hotel Carosello, nei pressi dell&#8217;aeroporto di Salerno QSR e dell&#8217;autostrada Salerno Reggio Calabria.<br data-start=\"883\" data-end=\"886\" \/>MagicSuite disponibili: <a href=\"https:\/\/www.magicsuite.it\/camere\/oceania\/\" target=\"_blank\" rel=\"noopener\">Oceania<\/a>, <a href=\"https:\/\/www.magicsuite.it\/camere\/marrakech\/\" target=\"_blank\" rel=\"noopener\">Marrakech<\/a>, <a href=\"https:\/\/www.magicsuite.it\/camere\/giulio-cesare\/\" target=\"_blank\" rel=\"noopener\">Giulio Cesare<\/a>, <a href=\"https:\/\/www.magicsuite.it\/camere\/bosco-incantato\/\" target=\"_blank\" rel=\"noopener\">Bosco Incantato<\/a>, <a href=\"https:\/\/www.magicsuite.it\/camere\/castello-di-merlino\/\" target=\"_blank\" rel=\"noopener\">Castello di Merlino<\/a>.<\/li>\n<\/ul>\n<p data-start=\"991\" data-end=\"1015\"><strong data-start=\"991\" data-end=\"1013\">INFORMAZIONI UTILI<\/strong><\/p>\n<ul data-start=\"1016\" data-end=\"1294\">\n<li data-start=\"1016\" data-end=\"1084\">La MagicGift \u00e8 utilizzabile per un anno dalla data di emissione.<\/li>\n<li data-start=\"1085\" data-end=\"1163\"><strong data-start=\"1087\" data-end=\"1107\">Periodi esclusi:<\/strong> dal 30 dicembre al 6 gennaio e dal 10 al 20 febbraio.<\/li>\n<li data-start=\"1164\" data-end=\"1294\">Dopo l&#8217;acquisto della MagicGift, prenotate il vostro soggiorno contattando il centro prenotazioni e indicando la data di arrivo.<\/li>\n<\/ul>\n<p data-start=\"1301\" data-end=\"1366\"><strong data-start=\"1301\" data-end=\"1309\">NOTE<\/strong><br data-start=\"1309\" data-end=\"1312\" \/>Per l&#8217;Atmosfera, potete scegliere tra diverse opzioni:<\/p>\n<ul data-start=\"1367\" data-end=\"1464\">\n<li data-start=\"1367\" data-end=\"1401\"><strong data-start=\"1369\" data-end=\"1399\">Atmosfera romantica (Roma)<\/strong><\/li>\n<li data-start=\"1402\" data-end=\"1464\"><strong data-start=\"1404\" data-end=\"1432\">Atmosfera romantica plus<\/strong> e <strong data-start=\"1435\" data-end=\"1464\">atmosfera dolce (Salerno)<\/strong><\/li>\n<\/ul>\n","protected":false},"excerpt":{"rendered":"<p>Soggiorno per due in MagicSuite con colazione, un&#8217; atmosfera a scelta, kit spa.<\/p>\n","protected":false},"featured_media":5365,"template":"","meta":{"_acf_changed":false,"inline_featured_image":false},"product_brand":[],"product_cat":[15],"product_tag":[],"giftcard-category":[],"class_list":{"0":"post-3788","1":"product","2":"type-product","3":"status-publish","4":"has-post-thumbnail","6":"product_cat-magicgift","8":"first","9":"instock","10":"virtual","11":"purchasable","12":"product-type-gift-card"},"acf":[],"yoast_head":"<!-- This site is optimized with the Yoast SEO plugin v27.4 - https:\/\/yoast.com\/product\/yoast-seo-wordpress\/ -->\n<title>MagicGift Momenti da Ricordare I Esclusiva Gift Box per suite SPA<\/title>\n<meta name=\"description\" content=\"Scopri MagicGift Momenti da Ricordare, la Gift Box per regalare un soggiorno di coppia in un&#039;esclusiva suite a tema a Roma o Salerno.\" \/>\n<meta name=\"robots\" content=\"index, follow, max-snippet:-1, max-image-preview:large, max-video-preview:-1\" \/>\n<link rel=\"canonical\" href=\"https:\/\/www.magicsuite.it\/en\/prodotto\/magicgift-momenti-ricordare\/\" \/>\n<meta property=\"og:locale\" content=\"en_US\" \/>\n<meta property=\"og:type\" content=\"article\" \/>\n<meta property=\"og:title\" content=\"MagicGift Momenti da Ricordare I Esclusiva Gift Box per suite SPA\" \/>\n<meta property=\"og:description\" content=\"Scopri MagicGift Momenti da Ricordare, la Gift Box per regalare un soggiorno di coppia in un&#039;esclusiva suite a tema a Roma o Salerno.\" \/>\n<meta property=\"og:url\" content=\"https:\/\/www.magicsuite.it\/en\/prodotto\/magicgift-momenti-ricordare\/\" \/>\n<meta property=\"og:site_name\" content=\"MagicSuite\" \/>\n<meta property=\"article:publisher\" content=\"https:\/\/www.facebook.com\/MagicSuiteItalia\/\" \/>\n<meta property=\"article:modified_time\" content=\"2025-12-01T09:55:49+00:00\" \/>\n<meta property=\"og:image\" content=\"https:\/\/www.magicsuite.it\/wp-content\/uploads\/2023\/02\/MS_Momenti-da-Ricordare_01-819x1024.png\" \/>\n\t<meta property=\"og:image:width\" content=\"819\" \/>\n\t<meta property=\"og:image:height\" content=\"1024\" \/>\n\t<meta property=\"og:image:type\" content=\"image\/png\" \/>\n<meta name=\"twitter:card\" content=\"summary_large_image\" \/>\n<meta name=\"twitter:label1\" content=\"Est. reading time\" \/>\n\t<meta name=\"twitter:data1\" content=\"2 minutes\" \/>\n<script type=\"application\/ld+json\" class=\"yoast-schema-graph\">{\"@context\":\"https:\\\/\\\/schema.org\",\"@graph\":[{\"@type\":\"WebPage\",\"@id\":\"https:\\\/\\\/www.magicsuite.it\\\/en\\\/prodotto\\\/magicgift-momenti-ricordare\\\/\",\"url\":\"https:\\\/\\\/www.magicsuite.it\\\/en\\\/prodotto\\\/magicgift-momenti-ricordare\\\/\",\"name\":\"MagicGift Momenti da Ricordare I Esclusiva Gift Box per suite SPA\",\"isPartOf\":{\"@id\":\"https:\\\/\\\/www.magicsuite.it\\\/en\\\/#website\"},\"primaryImageOfPage\":{\"@id\":\"https:\\\/\\\/www.magicsuite.it\\\/en\\\/prodotto\\\/magicgift-momenti-ricordare\\\/#primaryimage\"},\"image\":{\"@id\":\"https:\\\/\\\/www.magicsuite.it\\\/en\\\/prodotto\\\/magicgift-momenti-ricordare\\\/#primaryimage\"},\"thumbnailUrl\":\"https:\\\/\\\/www.magicsuite.it\\\/wp-content\\\/uploads\\\/2023\\\/02\\\/MS_Momenti-da-Ricordare_01.png\",\"datePublished\":\"2023-02-02T16:48:15+00:00\",\"dateModified\":\"2025-12-01T09:55:49+00:00\",\"description\":\"Scopri MagicGift Momenti da Ricordare, la Gift Box per regalare un soggiorno di coppia in un'esclusiva suite a tema a Roma o Salerno.\",\"breadcrumb\":{\"@id\":\"https:\\\/\\\/www.magicsuite.it\\\/en\\\/prodotto\\\/magicgift-momenti-ricordare\\\/#breadcrumb\"},\"inLanguage\":\"en-US\",\"potentialAction\":[{\"@type\":\"ReadAction\",\"target\":[\"https:\\\/\\\/www.magicsuite.it\\\/en\\\/prodotto\\\/magicgift-momenti-ricordare\\\/\"]}]},{\"@type\":\"ImageObject\",\"inLanguage\":\"en-US\",\"@id\":\"https:\\\/\\\/www.magicsuite.it\\\/en\\\/prodotto\\\/magicgift-momenti-ricordare\\\/#primaryimage\",\"url\":\"https:\\\/\\\/www.magicsuite.it\\\/wp-content\\\/uploads\\\/2023\\\/02\\\/MS_Momenti-da-Ricordare_01.png\",\"contentUrl\":\"https:\\\/\\\/www.magicsuite.it\\\/wp-content\\\/uploads\\\/2023\\\/02\\\/MS_Momenti-da-Ricordare_01.png\",\"width\":4500,\"height\":5625,\"caption\":\"MagicGift Momenti da Ricordare gift box suite spa idea regalo\"},{\"@type\":\"BreadcrumbList\",\"@id\":\"https:\\\/\\\/www.magicsuite.it\\\/en\\\/prodotto\\\/magicgift-momenti-ricordare\\\/#breadcrumb\",\"itemListElement\":[{\"@type\":\"ListItem\",\"position\":1,\"name\":\"Home\",\"item\":\"https:\\\/\\\/www.magicsuite.it\\\/en\\\/magic-suite-themed-suite-with-spa\\\/\"},{\"@type\":\"ListItem\",\"position\":2,\"name\":\"Shop\",\"item\":\"https:\\\/\\\/www.magicsuite.it\\\/en\\\/shop\\\/\"},{\"@type\":\"ListItem\",\"position\":3,\"name\":\"Momenti da Ricordare &#8211; Roma e Salerno\"}]},{\"@type\":\"WebSite\",\"@id\":\"https:\\\/\\\/www.magicsuite.it\\\/en\\\/#website\",\"url\":\"https:\\\/\\\/www.magicsuite.it\\\/en\\\/\",\"name\":\"MagicSuite\",\"description\":\"Hotel Roma e Salerno\",\"publisher\":{\"@id\":\"https:\\\/\\\/www.magicsuite.it\\\/en\\\/#organization\"},\"potentialAction\":[{\"@type\":\"SearchAction\",\"target\":{\"@type\":\"EntryPoint\",\"urlTemplate\":\"https:\\\/\\\/www.magicsuite.it\\\/en\\\/?s={search_term_string}\"},\"query-input\":{\"@type\":\"PropertyValueSpecification\",\"valueRequired\":true,\"valueName\":\"search_term_string\"}}],\"inLanguage\":\"en-US\"},{\"@type\":\"Organization\",\"@id\":\"https:\\\/\\\/www.magicsuite.it\\\/en\\\/#organization\",\"name\":\"MagicSuite\",\"url\":\"https:\\\/\\\/www.magicsuite.it\\\/en\\\/\",\"logo\":{\"@type\":\"ImageObject\",\"inLanguage\":\"en-US\",\"@id\":\"https:\\\/\\\/www.magicsuite.it\\\/en\\\/#\\\/schema\\\/logo\\\/image\\\/\",\"url\":\"https:\\\/\\\/www.magicsuite.it\\\/wp-content\\\/uploads\\\/2023\\\/01\\\/MagicSuite_logo-1@2x.png\",\"contentUrl\":\"https:\\\/\\\/www.magicsuite.it\\\/wp-content\\\/uploads\\\/2023\\\/01\\\/MagicSuite_logo-1@2x.png\",\"width\":614,\"height\":134,\"caption\":\"MagicSuite\"},\"image\":{\"@id\":\"https:\\\/\\\/www.magicsuite.it\\\/en\\\/#\\\/schema\\\/logo\\\/image\\\/\"},\"sameAs\":[\"https:\\\/\\\/www.facebook.com\\\/MagicSuiteItalia\\\/\",\"https:\\\/\\\/www.instagram.com\\\/magicsuiteitalia\\\/\",\"https:\\\/\\\/www.tiktok.com\\\/@magicsuiteitalia\"]}]}<\/script>\n<!-- \/ Yoast SEO plugin. -->","yoast_head_json":{"title":"MagicGift Momenti da Ricordare I Esclusiva Gift Box per suite SPA","description":"Scopri MagicGift Momenti da Ricordare, la Gift Box per regalare un soggiorno di coppia in un'esclusiva suite a tema a Roma o Salerno.","robots":{"index":"index","follow":"follow","max-snippet":"max-snippet:-1","max-image-preview":"max-image-preview:large","max-video-preview":"max-video-preview:-1"},"canonical":"https:\/\/www.magicsuite.it\/en\/prodotto\/magicgift-momenti-ricordare\/","og_locale":"en_US","og_type":"article","og_title":"MagicGift Momenti da Ricordare I Esclusiva Gift Box per suite SPA","og_description":"Scopri MagicGift Momenti da Ricordare, la Gift Box per regalare un soggiorno di coppia in un'esclusiva suite a tema a Roma o Salerno.","og_url":"https:\/\/www.magicsuite.it\/en\/prodotto\/magicgift-momenti-ricordare\/","og_site_name":"MagicSuite","article_publisher":"https:\/\/www.facebook.com\/MagicSuiteItalia\/","article_modified_time":"2025-12-01T09:55:49+00:00","og_image":[{"width":819,"height":1024,"url":"https:\/\/www.magicsuite.it\/wp-content\/uploads\/2023\/02\/MS_Momenti-da-Ricordare_01-819x1024.png","type":"image\/png"}],"twitter_card":"summary_large_image","twitter_misc":{"Est. reading time":"2 minutes"},"schema":{"@context":"https:\/\/schema.org","@graph":[{"@type":"WebPage","@id":"https:\/\/www.magicsuite.it\/en\/prodotto\/magicgift-momenti-ricordare\/","url":"https:\/\/www.magicsuite.it\/en\/prodotto\/magicgift-momenti-ricordare\/","name":"MagicGift Momenti da Ricordare I Esclusiva Gift Box per suite SPA","isPartOf":{"@id":"https:\/\/www.magicsuite.it\/en\/#website"},"primaryImageOfPage":{"@id":"https:\/\/www.magicsuite.it\/en\/prodotto\/magicgift-momenti-ricordare\/#primaryimage"},"image":{"@id":"https:\/\/www.magicsuite.it\/en\/prodotto\/magicgift-momenti-ricordare\/#primaryimage"},"thumbnailUrl":"https:\/\/www.magicsuite.it\/wp-content\/uploads\/2023\/02\/MS_Momenti-da-Ricordare_01.png","datePublished":"2023-02-02T16:48:15+00:00","dateModified":"2025-12-01T09:55:49+00:00","description":"Scopri MagicGift Momenti da Ricordare, la Gift Box per regalare un soggiorno di coppia in un'esclusiva suite a tema a Roma o Salerno.","breadcrumb":{"@id":"https:\/\/www.magicsuite.it\/en\/prodotto\/magicgift-momenti-ricordare\/#breadcrumb"},"inLanguage":"en-US","potentialAction":[{"@type":"ReadAction","target":["https:\/\/www.magicsuite.it\/en\/prodotto\/magicgift-momenti-ricordare\/"]}]},{"@type":"ImageObject","inLanguage":"en-US","@id":"https:\/\/www.magicsuite.it\/en\/prodotto\/magicgift-momenti-ricordare\/#primaryimage","url":"https:\/\/www.magicsuite.it\/wp-content\/uploads\/2023\/02\/MS_Momenti-da-Ricordare_01.png","contentUrl":"https:\/\/www.magicsuite.it\/wp-content\/uploads\/2023\/02\/MS_Momenti-da-Ricordare_01.png","width":4500,"height":5625,"caption":"MagicGift Momenti da Ricordare gift box suite spa idea regalo"},{"@type":"BreadcrumbList","@id":"https:\/\/www.magicsuite.it\/en\/prodotto\/magicgift-momenti-ricordare\/#breadcrumb","itemListElement":[{"@type":"ListItem","position":1,"name":"Home","item":"https:\/\/www.magicsuite.it\/en\/magic-suite-themed-suite-with-spa\/"},{"@type":"ListItem","position":2,"name":"Shop","item":"https:\/\/www.magicsuite.it\/en\/shop\/"},{"@type":"ListItem","position":3,"name":"Momenti da Ricordare &#8211; Roma e Salerno"}]},{"@type":"WebSite","@id":"https:\/\/www.magicsuite.it\/en\/#website","url":"https:\/\/www.magicsuite.it\/en\/","name":"MagicSuite","description":"Hotel Roma e Salerno","publisher":{"@id":"https:\/\/www.magicsuite.it\/en\/#organization"},"potentialAction":[{"@type":"SearchAction","target":{"@type":"EntryPoint","urlTemplate":"https:\/\/www.magicsuite.it\/en\/?s={search_term_string}"},"query-input":{"@type":"PropertyValueSpecification","valueRequired":true,"valueName":"search_term_string"}}],"inLanguage":"en-US"},{"@type":"Organization","@id":"https:\/\/www.magicsuite.it\/en\/#organization","name":"MagicSuite","url":"https:\/\/www.magicsuite.it\/en\/","logo":{"@type":"ImageObject","inLanguage":"en-US","@id":"https:\/\/www.magicsuite.it\/en\/#\/schema\/logo\/image\/","url":"https:\/\/www.magicsuite.it\/wp-content\/uploads\/2023\/01\/MagicSuite_logo-1@2x.png","contentUrl":"https:\/\/www.magicsuite.it\/wp-content\/uploads\/2023\/01\/MagicSuite_logo-1@2x.png","width":614,"height":134,"caption":"MagicSuite"},"image":{"@id":"https:\/\/www.magicsuite.it\/en\/#\/schema\/logo\/image\/"},"sameAs":["https:\/\/www.facebook.com\/MagicSuiteItalia\/","https:\/\/www.instagram.com\/magicsuiteitalia\/","https:\/\/www.tiktok.com\/@magicsuiteitalia"]}]}},"_links":{"self":[{"href":"https:\/\/www.magicsuite.it\/en\/wp-json\/wp\/v2\/product\/3788","targetHints":{"allow":["GET"]}}],"collection":[{"href":"https:\/\/www.magicsuite.it\/en\/wp-json\/wp\/v2\/product"}],"about":[{"href":"https:\/\/www.magicsuite.it\/en\/wp-json\/wp\/v2\/types\/product"}],"wp:featuredmedia":[{"embeddable":true,"href":"https:\/\/www.magicsuite.it\/en\/wp-json\/wp\/v2\/media\/5365"}],"wp:attachment":[{"href":"https:\/\/www.magicsuite.it\/en\/wp-json\/wp\/v2\/media?parent=3788"}],"wp:term":[{"taxonomy":"product_brand","embeddable":true,"href":"https:\/\/www.magicsuite.it\/en\/wp-json\/wp\/v2\/product_brand?post=3788"},{"taxonomy":"product_cat","embeddable":true,"href":"https:\/\/www.magicsuite.it\/en\/wp-json\/wp\/v2\/product_cat?post=3788"},{"taxonomy":"product_tag","embeddable":true,"href":"https:\/\/www.magicsuite.it\/en\/wp-json\/wp\/v2\/product_tag?post=3788"},{"taxonomy":"giftcard-category","embeddable":true,"href":"https:\/\/www.magicsuite.it\/en\/wp-json\/wp\/v2\/giftcard-category?post=3788"}],"curies":[{"name":"wp","href":"https:\/\/api.w.org\/{rel}","templated":true}]}}